{"id":1448,"date":"2018-01-13T09:38:30","date_gmt":"2018-01-13T08:38:30","guid":{"rendered":"http:\/\/www.vanglabeke.com\/assortiment\/"},"modified":"2019-07-18T16:38:32","modified_gmt":"2019-07-18T14:38:32","slug":"assortiment","status":"publish","type":"page","link":"https:\/\/www.vanglabeke.com\/fr\/assortiment\/","title":{"rendered":"Assortiment"},"content":{"rendered":"[vc_row type=&#8221;in_container&#8221; full_screen_row_position=&#8221;middle&#8221; scene_position=&#8221;center&#8221; text_color=&#8221;dark&#8221; text_align=&#8221;left&#8221; overlay_strength=&#8221;0.3&#8243;][vc_column column_padding=&#8221;no-extra-padding&#8221; column_padding_position=&#8221;all&#8221; background_color_opacity=&#8221;1&#8243; background_hover_color_opacity=&#8221;1&#8243; column_shadow=&#8221;none&#8221; width=&#8221;1\/1&#8243; tablet_text_alignment=&#8221;default&#8221; phone_text_alignment=&#8221;default&#8221; column_border_width=&#8221;none&#8221; column_border_style=&#8221;solid&#8221;][vc_column_text]\n<h2 style=\"text-align: center;\">Specialist en carrelages int\u00e9rieur et ext\u00e9rieur &amp; pierres naturelles !<\/h2>\n<p style=\"text-align: center;\">Chez Van Glabeke vous trouverez un large choix de carrelages muraux ou pour sols, tant pour ext\u00e9rieur qu&#8217;int\u00e9rieur, et ce, de qualit\u00e9 sup\u00e9rieure et \u00e9galement une large offre de mat\u00e9riaux de construction. Nous adaptons continuellement notre stock pour int\u00e9rieur et ext\u00e9rieur et vous pr\u00e9sentons volontiers les plus belles marques au monde. Durant toute l\u2019ann\u00e9e, nous vous proposons \u00e9galement des fins de s\u00e9ries ou des lots de carreaux de grandes marques \u00e0 des prix d\u00e9fiant toute concurrence !<\/p>\n[\/vc_column_text][\/vc_column][\/vc_row][vc_row type=&#8221;in_container&#8221; full_screen_row_position=&#8221;middle&#8221; scene_position=&#8221;center&#8221; text_color=&#8221;dark&#8221; text_align=&#8221;left&#8221; overlay_strength=&#8221;0.3&#8243;][vc_column column_padding=&#8221;no-extra-padding&#8221; column_padding_position=&#8221;all&#8221; background_color_opacity=&#8221;1&#8243; background_hover_color_opacity=&#8221;1&#8243; column_shadow=&#8221;none&#8221; width=&#8221;1\/4&#8243; tablet_text_alignment=&#8221;default&#8221; phone_text_alignment=&#8221;default&#8221; column_border_width=&#8221;none&#8221; column_border_style=&#8221;solid&#8221;][image_with_animation image_url=&#8221;2382&#8243; alignment=&#8221;&#8221; animation=&#8221;Fade In&#8221; box_shadow=&#8221;none&#8221; max_width=&#8221;100%&#8221; img_link=&#8221;https:\/\/www.vanglabeke.com\/fr\/assortiment\/carrelage-a-linterieur\/&#8221;][nectar_btn size=&#8221;small&#8221; button_style=&#8221;regular&#8221; button_color_2=&#8221;Accent-Color&#8221; color_override=&#8221;#000000&#8243; icon_family=&#8221;none&#8221; url=&#8221;https:\/\/www.vanglabeke.com\/fr\/assortiment\/carrelage-a-linterieur\/&#8221; text=&#8221;Carrelage \u00e0 l&#8217;int\u00e9rieur&#8221;][\/vc_column][vc_column column_padding=&#8221;no-extra-padding&#8221; column_padding_position=&#8221;all&#8221; background_color_opacity=&#8221;1&#8243; background_hover_color_opacity=&#8221;1&#8243; column_shadow=&#8221;none&#8221; width=&#8221;1\/4&#8243; tablet_text_alignment=&#8221;default&#8221; phone_text_alignment=&#8221;default&#8221; column_border_width=&#8221;none&#8221; column_border_style=&#8221;solid&#8221;][image_with_animation image_url=&#8221;2383&#8243; alignment=&#8221;&#8221; animation=&#8221;Fade In&#8221; box_shadow=&#8221;none&#8221; max_width=&#8221;100%&#8221; delay=&#8221;300&#8243; img_link=&#8221;https:\/\/www.vanglabeke.com\/fr\/assortiment\/carrelage-a-lexterieur\/&#8221;][nectar_btn size=&#8221;small&#8221; button_style=&#8221;regular&#8221; button_color_2=&#8221;Accent-Color&#8221; color_override=&#8221;#000000&#8243; icon_family=&#8221;none&#8221; url=&#8221;https:\/\/www.vanglabeke.com\/fr\/assortiment\/carrelage-a-lexterieur\/&#8221; text=&#8221;Carrelage \u00e0 l&#8217;ext\u00e9rieur&#8221;][\/vc_column][vc_column column_padding=&#8221;no-extra-padding&#8221; column_padding_position=&#8221;all&#8221; background_color_opacity=&#8221;1&#8243; background_hover_color_opacity=&#8221;1&#8243; column_shadow=&#8221;none&#8221; width=&#8221;1\/4&#8243; tablet_text_alignment=&#8221;default&#8221; phone_text_alignment=&#8221;default&#8221; column_border_width=&#8221;none&#8221; column_border_style=&#8221;solid&#8221;][image_with_animation image_url=&#8221;2384&#8243; alignment=&#8221;&#8221; animation=&#8221;Fade In&#8221; box_shadow=&#8221;none&#8221; max_width=&#8221;100%&#8221; delay=&#8221;600&#8243; img_link=&#8221;https:\/\/www.vanglabeke.com\/fr\/assortiment\/materiaux-de-construction\/&#8221;][nectar_btn size=&#8221;small&#8221; button_style=&#8221;regular&#8221; button_color_2=&#8221;Accent-Color&#8221; color_override=&#8221;#000000&#8243; icon_family=&#8221;none&#8221; url=&#8221;https:\/\/www.vanglabeke.com\/fr\/assortiment\/materiaux-de-construction\/&#8221; text=&#8221;Mat\u00e9riaux de construction&#8221;][\/vc_column][vc_column column_padding=&#8221;no-extra-padding&#8221; column_padding_position=&#8221;all&#8221; background_color_opacity=&#8221;1&#8243; background_hover_color_opacity=&#8221;1&#8243; column_shadow=&#8221;none&#8221; width=&#8221;1\/4&#8243; tablet_text_alignment=&#8221;default&#8221; phone_text_alignment=&#8221;default&#8221; column_border_width=&#8221;none&#8221; column_border_style=&#8221;solid&#8221;][image_with_animation image_url=&#8221;2385&#8243; alignment=&#8221;&#8221; animation=&#8221;Fade In&#8221; box_shadow=&#8221;none&#8221; max_width=&#8221;100%&#8221; delay=&#8221;900&#8243; img_link=&#8221;https:\/\/www.vanglabeke.com\/fr\/assortiment\/produits-dentretien\/&#8221;][nectar_btn size=&#8221;small&#8221; button_style=&#8221;regular&#8221; button_color_2=&#8221;Accent-Color&#8221; color_override=&#8221;#000000&#8243; icon_family=&#8221;none&#8221; url=&#8221;https:\/\/www.vanglabeke.com\/fr\/assortiment\/produits-dentretien\/&#8221; text=&#8221;Produits d&#8217;entretien&#8221;][\/vc_column][\/vc_row]\n","protected":false},"excerpt":{"rendered":"<p>[vc_row type=&#8221;in_container&#8221; full_screen_row_position=&#8221;middle&#8221; scene_position=&#8221;center&#8221; text_color=&#8221;dark&#8221; text_align=&#8221;left&#8221; overlay_strength=&#8221;0.3&#8243;][vc_column column_padding=&#8221;no-extra-padding&#8221; column_padding_position=&#8221;all&#8221; background_color_opacity=&#8221;1&#8243; background_hover_color_opacity=&#8221;1&#8243; column_shadow=&#8221;none&#8221; width=&#8221;1\/1&#8243; tablet_text_alignment=&#8221;default&#8221; phone_text_alignment=&#8221;default&#8221; column_border_width=&#8221;none&#8221; column_border_style=&#8221;solid&#8221;][vc_column_text] Specialist en carrelages int\u00e9rieur et ext\u00e9rieur &amp; pierres naturelles ! Chez Van Glabeke&#8230;<\/p>\n","protected":false},"author":1,"featured_media":0,"parent":0,"menu_order":2,"comment_status":"closed","ping_status":"closed","template":"","meta":{"footnotes":""},"class_list":["post-1448","page","type-page","status-publish"],"yoast_head":"<!-- This site is optimized with the Yoast SEO plugin v27.4 - https:\/\/yoast.com\/product\/yoast-seo-wordpress\/ -->\r\n<title>Assortiment - Van Glabeke<\/title>\r\n<meta name=\"robots\" content=\"index, follow, max-snippet:-1, max-image-preview:large, max-video-preview:-1\" \/>\r\n<link rel=\"canonical\" href=\"https:\/\/www.vanglabeke.com\/fr\/assortiment\/\" \/>\r\n<meta property=\"og:locale\" content=\"fr_FR\" \/>\r\n<meta property=\"og:type\" content=\"article\" \/>\r\n<meta property=\"og:title\" content=\"Assortiment - Van Glabeke\" \/>\r\n<meta property=\"og:description\" content=\"[vc_row type=&#8221;in_container&#8221; full_screen_row_position=&#8221;middle&#8221; scene_position=&#8221;center&#8221; text_color=&#8221;dark&#8221; text_align=&#8221;left&#8221; overlay_strength=&#8221;0.3&#8243;][vc_column column_padding=&#8221;no-extra-padding&#8221; column_padding_position=&#8221;all&#8221; background_color_opacity=&#8221;1&#8243; background_hover_color_opacity=&#8221;1&#8243; column_shadow=&#8221;none&#8221; width=&#8221;1\/1&#8243; tablet_text_alignment=&#8221;default&#8221; phone_text_alignment=&#8221;default&#8221; column_border_width=&#8221;none&#8221; column_border_style=&#8221;solid&#8221;][vc_column_text] Specialist en carrelages int\u00e9rieur et ext\u00e9rieur &amp; pierres naturelles ! Chez Van Glabeke...\" \/>\r\n<meta property=\"og:url\" content=\"https:\/\/www.vanglabeke.com\/fr\/assortiment\/\" \/>\r\n<meta property=\"og:site_name\" content=\"Van Glabeke\" \/>\r\n<meta property=\"article:modified_time\" content=\"2019-07-18T14:38:32+00:00\" \/>\r\n<meta name=\"twitter:card\" content=\"summary_large_image\" \/>\r\n<meta name=\"twitter:label1\" content=\"Est. reading time\" \/>\n\t<meta name=\"twitter:data1\" content=\"3 minutes\" \/>\r\n<script type=\"application\/ld+json\" class=\"yoast-schema-graph\">{\"@context\":\"https:\\\/\\\/schema.org\",\"@graph\":[{\"@type\":\"WebPage\",\"@id\":\"https:\\\/\\\/www.vanglabeke.com\\\/fr\\\/assortiment\\\/\",\"url\":\"https:\\\/\\\/www.vanglabeke.com\\\/fr\\\/assortiment\\\/\",\"name\":\"Assortiment - Van Glabeke\",\"isPartOf\":{\"@id\":\"https:\\\/\\\/www.vanglabeke.com\\\/#website\"},\"datePublished\":\"2018-01-13T08:38:30+00:00\",\"dateModified\":\"2019-07-18T14:38:32+00:00\",\"breadcrumb\":{\"@id\":\"https:\\\/\\\/www.vanglabeke.com\\\/fr\\\/assortiment\\\/#breadcrumb\"},\"inLanguage\":\"fr-FR\",\"potentialAction\":[{\"@type\":\"ReadAction\",\"target\":[\"https:\\\/\\\/www.vanglabeke.com\\\/fr\\\/assortiment\\\/\"]}]},{\"@type\":\"BreadcrumbList\",\"@id\":\"https:\\\/\\\/www.vanglabeke.com\\\/fr\\\/assortiment\\\/#breadcrumb\",\"itemListElement\":[{\"@type\":\"ListItem\",\"position\":1,\"name\":\"Home\",\"item\":\"https:\\\/\\\/www.vanglabeke.com\\\/fr\\\/\"},{\"@type\":\"ListItem\",\"position\":2,\"name\":\"Assortiment\"}]},{\"@type\":\"WebSite\",\"@id\":\"https:\\\/\\\/www.vanglabeke.com\\\/#website\",\"url\":\"https:\\\/\\\/www.vanglabeke.com\\\/\",\"name\":\"Van Glabeke\",\"description\":\"bouwmaterialen - tegels\",\"potentialAction\":[{\"@type\":\"SearchAction\",\"target\":{\"@type\":\"EntryPoint\",\"urlTemplate\":\"https:\\\/\\\/www.vanglabeke.com\\\/?s={search_term_string}\"},\"query-input\":{\"@type\":\"PropertyValueSpecification\",\"valueRequired\":true,\"valueName\":\"search_term_string\"}}],\"inLanguage\":\"fr-FR\"}]}<\/script>\r\n<!-- \/ Yoast SEO plugin. -->","yoast_head_json":{"title":"Assortiment - Van Glabeke","robots":{"index":"index","follow":"follow","max-snippet":"max-snippet:-1","max-image-preview":"max-image-preview:large","max-video-preview":"max-video-preview:-1"},"canonical":"https:\/\/www.vanglabeke.com\/fr\/assortiment\/","og_locale":"fr_FR","og_type":"article","og_title":"Assortiment - Van Glabeke","og_description":"[vc_row type=&#8221;in_container&#8221; full_screen_row_position=&#8221;middle&#8221; scene_position=&#8221;center&#8221; text_color=&#8221;dark&#8221; text_align=&#8221;left&#8221; overlay_strength=&#8221;0.3&#8243;][vc_column column_padding=&#8221;no-extra-padding&#8221; column_padding_position=&#8221;all&#8221; background_color_opacity=&#8221;1&#8243; background_hover_color_opacity=&#8221;1&#8243; column_shadow=&#8221;none&#8221; width=&#8221;1\/1&#8243; tablet_text_alignment=&#8221;default&#8221; phone_text_alignment=&#8221;default&#8221; column_border_width=&#8221;none&#8221; column_border_style=&#8221;solid&#8221;][vc_column_text] Specialist en carrelages int\u00e9rieur et ext\u00e9rieur &amp; pierres naturelles ! Chez Van Glabeke...","og_url":"https:\/\/www.vanglabeke.com\/fr\/assortiment\/","og_site_name":"Van Glabeke","article_modified_time":"2019-07-18T14:38:32+00:00","twitter_card":"summary_large_image","twitter_misc":{"Est. reading time":"3 minutes"},"schema":{"@context":"https:\/\/schema.org","@graph":[{"@type":"WebPage","@id":"https:\/\/www.vanglabeke.com\/fr\/assortiment\/","url":"https:\/\/www.vanglabeke.com\/fr\/assortiment\/","name":"Assortiment - Van Glabeke","isPartOf":{"@id":"https:\/\/www.vanglabeke.com\/#website"},"datePublished":"2018-01-13T08:38:30+00:00","dateModified":"2019-07-18T14:38:32+00:00","breadcrumb":{"@id":"https:\/\/www.vanglabeke.com\/fr\/assortiment\/#breadcrumb"},"inLanguage":"fr-FR","potentialAction":[{"@type":"ReadAction","target":["https:\/\/www.vanglabeke.com\/fr\/assortiment\/"]}]},{"@type":"BreadcrumbList","@id":"https:\/\/www.vanglabeke.com\/fr\/assortiment\/#breadcrumb","itemListElement":[{"@type":"ListItem","position":1,"name":"Home","item":"https:\/\/www.vanglabeke.com\/fr\/"},{"@type":"ListItem","position":2,"name":"Assortiment"}]},{"@type":"WebSite","@id":"https:\/\/www.vanglabeke.com\/#website","url":"https:\/\/www.vanglabeke.com\/","name":"Van Glabeke","description":"bouwmaterialen - tegels","potentialAction":[{"@type":"SearchAction","target":{"@type":"EntryPoint","urlTemplate":"https:\/\/www.vanglabeke.com\/?s={search_term_string}"},"query-input":{"@type":"PropertyValueSpecification","valueRequired":true,"valueName":"search_term_string"}}],"inLanguage":"fr-FR"}]}},"_links":{"self":[{"href":"https:\/\/www.vanglabeke.com\/fr\/wp-json\/wp\/v2\/pages\/1448","targetHints":{"allow":["GET"]}}],"collection":[{"href":"https:\/\/www.vanglabeke.com\/fr\/wp-json\/wp\/v2\/pages"}],"about":[{"href":"https:\/\/www.vanglabeke.com\/fr\/wp-json\/wp\/v2\/types\/page"}],"author":[{"embeddable":true,"href":"https:\/\/www.vanglabeke.com\/fr\/wp-json\/wp\/v2\/users\/1"}],"replies":[{"embeddable":true,"href":"https:\/\/www.vanglabeke.com\/fr\/wp-json\/wp\/v2\/comments?post=1448"}],"version-history":[{"count":0,"href":"https:\/\/www.vanglabeke.com\/fr\/wp-json\/wp\/v2\/pages\/1448\/revisions"}],"wp:attachment":[{"href":"https:\/\/www.vanglabeke.com\/fr\/wp-json\/wp\/v2\/media?parent=1448"}],"curies":[{"name":"wp","href":"https:\/\/api.w.org\/{rel}","templated":true}]}}