{"id":1452,"date":"2018-01-13T10:03:09","date_gmt":"2018-01-13T09:03:09","guid":{"rendered":"http:\/\/www.vanglabeke.com\/assortiment\/carrelage-a-linterieur\/"},"modified":"2023-10-30T14:50:26","modified_gmt":"2023-10-30T13:50:26","slug":"carrelage-a-linterieur","status":"publish","type":"page","link":"https:\/\/www.vanglabeke.com\/fr\/assortiment\/carrelage-a-linterieur\/","title":{"rendered":"Carrelage int\u00e9rieur"},"content":{"rendered":"[vc_row type=&#8221;in_container&#8221; full_screen_row_position=&#8221;middle&#8221; column_margin=&#8221;default&#8221; column_direction=&#8221;default&#8221; column_direction_tablet=&#8221;default&#8221; column_direction_phone=&#8221;default&#8221; scene_position=&#8221;center&#8221; text_color=&#8221;dark&#8221; text_align=&#8221;left&#8221; row_border_radius=&#8221;none&#8221; row_border_radius_applies=&#8221;bg&#8221; overflow=&#8221;visible&#8221; overlay_strength=&#8221;0.3&#8243; gradient_direction=&#8221;left_to_right&#8221; shape_divider_position=&#8221;bottom&#8221; bg_image_animation=&#8221;none&#8221;][vc_column column_padding=&#8221;no-extra-padding&#8221; column_padding_tablet=&#8221;inherit&#8221; column_padding_phone=&#8221;inherit&#8221; column_padding_position=&#8221;all&#8221; column_element_direction_desktop=&#8221;default&#8221; column_element_spacing=&#8221;default&#8221; desktop_text_alignment=&#8221;default&#8221; tablet_text_alignment=&#8221;default&#8221; phone_text_alignment=&#8221;default&#8221; background_color_opacity=&#8221;1&#8243; background_hover_color_opacity=&#8221;1&#8243; column_backdrop_filter=&#8221;none&#8221; column_shadow=&#8221;none&#8221; column_border_radius=&#8221;none&#8221; column_link_target=&#8221;_self&#8221; column_position=&#8221;default&#8221; gradient_direction=&#8221;left_to_right&#8221; overlay_strength=&#8221;0.3&#8243; width=&#8221;1\/1&#8243; tablet_width_inherit=&#8221;default&#8221; animation_type=&#8221;default&#8221; bg_image_animation=&#8221;none&#8221; border_type=&#8221;simple&#8221; column_border_width=&#8221;none&#8221; column_border_style=&#8221;solid&#8221;]\n\n\n\t\t\t\t<div class=\"portfolio-wrap \">\n\n\t\t\t\t\t\n\t\t\t\t\t<span class=\"portfolio-loading  none\">   <\/span>\n\n\t\t\t\t\t\n\t\t\t\t\t<div class=\"row portfolio-items no-masonry  \" data-rcp=\"false\" data-masonry-type=\"default\" data-ps=\"3\" data-starting-filter=\"\" data-gutter=\"default\" data-categories-to-show=\"keramiek-2-cm,mozaieken,natuursteen-binnen,parkettegels,patroontegels\" data-bypass-cropping=\"\" data-lightbox-only=\"0\" data-col-num=\"cols-3\">\n\t\t\t\t\t\t\n\t\t\t\t<\/div><!--\/portfolio-->\n\t\t\t<\/div><!--\/portfolio wrap-->\n\n\t\t\t[\/vc_column][\/vc_row][vc_row type=&#8221;in_container&#8221; full_screen_row_position=&#8221;middle&#8221; column_margin=&#8221;default&#8221; column_direction=&#8221;default&#8221; column_direction_tablet=&#8221;default&#8221; column_direction_phone=&#8221;default&#8221; scene_position=&#8221;center&#8221; text_color=&#8221;dark&#8221; text_align=&#8221;left&#8221; row_border_radius=&#8221;none&#8221; row_border_radius_applies=&#8221;bg&#8221; overflow=&#8221;visible&#8221; overlay_strength=&#8221;0.3&#8243; gradient_direction=&#8221;left_to_right&#8221; shape_divider_position=&#8221;bottom&#8221; bg_image_animation=&#8221;none&#8221;][vc_column column_padding=&#8221;no-extra-padding&#8221; column_padding_tablet=&#8221;inherit&#8221; column_padding_phone=&#8221;inherit&#8221; column_padding_position=&#8221;all&#8221; column_element_direction_desktop=&#8221;default&#8221; column_element_spacing=&#8221;default&#8221; desktop_text_alignment=&#8221;default&#8221; tablet_text_alignment=&#8221;default&#8221; phone_text_alignment=&#8221;default&#8221; background_color_opacity=&#8221;1&#8243; background_hover_color_opacity=&#8221;1&#8243; column_backdrop_filter=&#8221;none&#8221; column_shadow=&#8221;none&#8221; column_border_radius=&#8221;none&#8221; column_link_target=&#8221;_self&#8221; column_position=&#8221;default&#8221; gradient_direction=&#8221;left_to_right&#8221; overlay_strength=&#8221;0.3&#8243; width=&#8221;1\/1&#8243; tablet_width_inherit=&#8221;default&#8221; animation_type=&#8221;default&#8221; bg_image_animation=&#8221;none&#8221; border_type=&#8221;simple&#8221; column_border_width=&#8221;none&#8221; column_border_style=&#8221;solid&#8221;][divider line_type=&#8221;Full Width Line&#8221; line_thickness=&#8221;1&#8243; divider_color=&#8221;default&#8221; animate=&#8221;yes&#8221; custom_height=&#8221;20&#8243;][\/vc_column][\/vc_row][vc_row type=&#8221;in_container&#8221; full_screen_row_position=&#8221;middle&#8221; column_margin=&#8221;default&#8221; column_direction=&#8221;default&#8221; column_direction_tablet=&#8221;default&#8221; column_direction_phone=&#8221;default&#8221; scene_position=&#8221;center&#8221; text_color=&#8221;dark&#8221; text_align=&#8221;left&#8221; row_border_radius=&#8221;none&#8221; row_border_radius_applies=&#8221;bg&#8221; overflow=&#8221;visible&#8221; overlay_strength=&#8221;0.3&#8243; gradient_direction=&#8221;left_to_right&#8221; shape_divider_position=&#8221;bottom&#8221; bg_image_animation=&#8221;none&#8221;][vc_column column_padding=&#8221;no-extra-padding&#8221; column_padding_tablet=&#8221;inherit&#8221; column_padding_phone=&#8221;inherit&#8221; column_padding_position=&#8221;all&#8221; column_element_direction_desktop=&#8221;default&#8221; column_element_spacing=&#8221;default&#8221; desktop_text_alignment=&#8221;default&#8221; tablet_text_alignment=&#8221;default&#8221; phone_text_alignment=&#8221;default&#8221; background_color_opacity=&#8221;1&#8243; background_hover_color_opacity=&#8221;1&#8243; column_backdrop_filter=&#8221;none&#8221; column_shadow=&#8221;none&#8221; column_border_radius=&#8221;none&#8221; column_link_target=&#8221;_self&#8221; column_position=&#8221;default&#8221; gradient_direction=&#8221;left_to_right&#8221; overlay_strength=&#8221;0.3&#8243; width=&#8221;1\/1&#8243; tablet_width_inherit=&#8221;default&#8221; animation_type=&#8221;default&#8221; bg_image_animation=&#8221;none&#8221; border_type=&#8221;simple&#8221; column_border_width=&#8221;none&#8221; column_border_style=&#8221;solid&#8221;][vc_column_text]\n<h1>Carrelage int\u00e9rieur<\/h1>\n<p>Votre recherche d&#8217;un bon carrelage int\u00e9rieur est termin\u00e9e : Van Glabeke, situ\u00e9 pr\u00e8s de Tournai, est votre sp\u00e9cialiste renomm\u00e9 avec plus de 50 ans d&#8217;exp\u00e9rience. Nous proposons d&#8217;innombrables solutions pour doter votre int\u00e9rieur d&#8217;un beau carrelage en un rien de temps. Les carreaux de sol se d\u00e9clinent en diff\u00e9rents formats, mat\u00e9riaux et designs, et c&#8217;est \u00e9galement le cas pour l&#8217;assortiment de Van Glabeke \u00e0 Kooigem-Courtrai, en Flandre-Occidentale.[\/vc_column_text][vc_raw_html]JTNDZGl2JTIwY2xhc3MlM0QlMjJncml6emx5LWN0YS1jb2wlMjIlM0UlMEElM0NhJTIwaHJlZiUzRCUyMmh0dHBzJTNBJTJGJTJGd3d3LnZhbmdsYWJla2UuY29tJTJGZnIlMkZhc3NvcnRpbWVudCUyRiUyMiUyMGNsYXNzJTNEJTIyZ3JpenpseS1jdGEta25vcCUyMiUzRVZvaXIlMjB0b3VzJTIwbGVzJTIwY2FycmVhdXglM0MlMkZhJTNFJTBBJTNDJTJGZGl2JTNFJTBBJTNDc3R5bGUlM0UlMEEuZ3JpenpseS1jdGEtY29sJTdCJTBBZGlzcGxheSUzQSUyMGZsZXglM0IlMEFqdXN0aWZ5LWNvbnRlbnQlM0ElMjBjZW50ZXIlM0IlMEF3aWR0aCUzQSUyMDEwMCUyNSUzQiUwQXBhZGRpbmctdG9wJTNBJTIwNDBweCUzQiUwQXBhZGRpbmctYm90dG9tJTNBJTIwMjBweCUzQiUwQSU3RCUwQS5ncml6emx5LWN0YS1rbm9wJTdCJTBBYmFja2dyb3VuZC1jb2xvciUzQSUyMCUyMzAwMDAwMCUzQiUwQWNvbG9yJTNBJTIwJTIzZmZmZmZmJTNCJTBBdGV4dC1hbGlnbiUzQSUyMGNlbnRlciUzQiUwQXBhZGRpbmctdG9wJTNBJTIwMTBweCUzQiUwQXBhZGRpbmctYm90dG9tJTNBJTIwMTBweCUzQiUwQXBhZGRpbmctbGVmdCUzQSUyMDIwcHglM0IlMEFwYWRkaW5nLXJpZ2h0JTNBJTIwMjBweCUzQiUwQW1pbi13aWR0aCUzQSUyMDElMjUlM0IlMEFtYXgtd2lkdGglM0ElMjAxMDAlMjUlM0IlMEFib3JkZXItcmFkaXVzJTNBJTIwNHB4JTNCJTBBJTdEJTBBLmdyaXp6bHktY3RhLWtub3AlM0Fob3ZlciU3QiUwQW9wYWNpdHklM0ElMjAwLjklM0IlMEElN0QlMEElM0MlMkZzdHlsZSUzRQ==[\/vc_raw_html][vc_column_text]\n<h2>Le meilleur carrelage int\u00e9rieur de la Flandre-Occidentale<\/h2>\n<p>Chez Van Glabeke, d\u00e9couvrez le meilleur carrelage int\u00e9rieur, \u00e0 la fois beau et durable. Les carreaux \u00e0 motifs et la mosa\u00efque sont parfaits pour rendre votre int\u00e9rieur plus cr\u00e9atif et classique, tandis que les carreaux et <a href=\"https:\/\/www.vanglabeke.com\/fr\/portfolio\/parquet-en-ceramique\/\">le parquet en c\u00e9ramique<\/a> apportent un look \u00e9pur\u00e9 et moderne. Vous trouverez \u00e9galement des carreaux en pierre naturelle, qui permettent de cr\u00e9er de magnifiques int\u00e9rieurs en un rien de temps. Quel que soit le type de carrelage que vous recherchez, vous le trouverez chez Van Glabeke, votre r\u00e9f\u00e9rence en Flandre-Occidentale pour le carrelage int\u00e9rieur et d&#8217;autres <a href=\"https:\/\/www.vanglabeke.com\/fr\/\">mat\u00e9riaux de construction<\/a>.<\/p>\n<h3>B\u00e9n\u00e9ficiez d&#8217;un service professionnel<\/h3>\n<p>Si vous souhaitez obtenir le meilleur de votre nouveau <a href=\"https:\/\/www.vanglabeke.com\/fr\/dalles-exterieur-tournai\/\">carrelage ext\u00e9rieur<\/a> ou int\u00e9rieur, l&#8217;approche et les conseils d&#8217;un sp\u00e9cialiste sont essentiels. Non seulement votre sp\u00e9cialiste du carrelage vous garantit une excellente qualit\u00e9 et un service rapide, mais vos souhaits personnels en termes de budget, de style et de finition sont \u00e9galement pris en compte. Enfin, chez Van Glabeke \u00e0 Kooigem-Courtrai, vous pouvez compter sur un accueil chaleureux. \u00cates-vous pr\u00eat \u00e0 sublimer votre maison avec notre carrelage int\u00e9rieur ? <a href=\"https:\/\/www.vanglabeke.com\/fr\/contact\/\">Remplissez le formulaire de contact<\/a> sans engagement et Van Glabeke se fera un plaisir de vous aider dans votre recherche du carrelage id\u00e9al. Vous pouvez nous joindre au num\u00e9ro suivant <a href=\"tel:003256455516\">056\/45.55.16<\/a> ou nous envoyer un courriel \u00e0 <a href=\"mailto:bouwmaterialen@vanglabeke.com\">bouwmaterialen@vanglabeke.com<\/a>.[\/vc_column_text][\/vc_column][\/vc_row]\n","protected":false},"excerpt":{"rendered":"<p>[vc_row type=&#8221;in_container&#8221; full_screen_row_position=&#8221;middle&#8221; column_margin=&#8221;default&#8221; column_direction=&#8221;default&#8221; column_direction_tablet=&#8221;default&#8221; column_direction_phone=&#8221;default&#8221; scene_position=&#8221;center&#8221; text_color=&#8221;dark&#8221; text_align=&#8221;left&#8221; row_border_radius=&#8221;none&#8221; row_border_radius_applies=&#8221;bg&#8221; overflow=&#8221;visible&#8221; overlay_strength=&#8221;0.3&#8243; gradient_direction=&#8221;left_to_right&#8221; shape_divider_position=&#8221;bottom&#8221; bg_image_animation=&#8221;none&#8221;][vc_column column_padding=&#8221;no-extra-padding&#8221; column_padding_tablet=&#8221;inherit&#8221; column_padding_phone=&#8221;inherit&#8221; column_padding_position=&#8221;all&#8221; column_element_direction_desktop=&#8221;default&#8221; column_element_spacing=&#8221;default&#8221; desktop_text_alignment=&#8221;default&#8221; tablet_text_alignment=&#8221;default&#8221; phone_text_alignment=&#8221;default&#8221; background_color_opacity=&#8221;1&#8243; background_hover_color_opacity=&#8221;1&#8243; column_backdrop_filter=&#8221;none&#8221; column_shadow=&#8221;none&#8221;&#8230;<\/p>\n","protected":false},"author":1,"featured_media":0,"parent":1448,"menu_order":0,"comment_status":"closed","ping_status":"closed","template":"","meta":{"footnotes":""},"class_list":["post-1452","page","type-page","status-publish"],"yoast_head":"<!-- This site is optimized with the Yoast SEO plugin v27.4 - https:\/\/yoast.com\/product\/yoast-seo-wordpress\/ -->\r\n<title>Trouvez le carrelage id\u00e9al pour votre int\u00e9rieur \u00e0 Tournai<\/title>\r\n<meta name=\"description\" content=\"\u00cates-vous \u00e0 la recherche d&#039;un carrelage de qualit\u00e9 pour votre int\u00e9rieur ? Contactez votre sp\u00e9cialiste en carrelage et d\u00e9couvrez la large gamme propos\u00e9e !\" \/>\r\n<meta name=\"robots\" content=\"index, follow, max-snippet:-1, max-image-preview:large, max-video-preview:-1\" \/>\r\n<link rel=\"canonical\" href=\"https:\/\/www.vanglabeke.com\/fr\/assortiment\/carrelage-a-linterieur\/\" \/>\r\n<meta property=\"og:locale\" content=\"fr_FR\" \/>\r\n<meta property=\"og:type\" content=\"article\" \/>\r\n<meta property=\"og:title\" content=\"Trouvez le carrelage id\u00e9al pour votre int\u00e9rieur \u00e0 Tournai\" \/>\r\n<meta property=\"og:description\" content=\"\u00cates-vous \u00e0 la recherche d&#039;un carrelage de qualit\u00e9 pour votre int\u00e9rieur ? Contactez votre sp\u00e9cialiste en carrelage et d\u00e9couvrez la large gamme propos\u00e9e !\" \/>\r\n<meta property=\"og:url\" content=\"https:\/\/www.vanglabeke.com\/fr\/assortiment\/carrelage-a-linterieur\/\" \/>\r\n<meta property=\"og:site_name\" content=\"Van Glabeke\" \/>\r\n<meta property=\"article:modified_time\" content=\"2023-10-30T13:50:26+00:00\" \/>\r\n<meta name=\"twitter:card\" content=\"summary_large_image\" \/>\r\n<meta name=\"twitter:label1\" content=\"Est. reading time\" \/>\n\t<meta name=\"twitter:data1\" content=\"3 minutes\" \/>\r\n<script type=\"application\/ld+json\" class=\"yoast-schema-graph\">{\"@context\":\"https:\\\/\\\/schema.org\",\"@graph\":[{\"@type\":\"WebPage\",\"@id\":\"https:\\\/\\\/www.vanglabeke.com\\\/fr\\\/assortiment\\\/carrelage-a-linterieur\\\/\",\"url\":\"https:\\\/\\\/www.vanglabeke.com\\\/fr\\\/assortiment\\\/carrelage-a-linterieur\\\/\",\"name\":\"Trouvez le carrelage id\u00e9al pour votre int\u00e9rieur \u00e0 Tournai\",\"isPartOf\":{\"@id\":\"https:\\\/\\\/www.vanglabeke.com\\\/#website\"},\"datePublished\":\"2018-01-13T09:03:09+00:00\",\"dateModified\":\"2023-10-30T13:50:26+00:00\",\"description\":\"\u00cates-vous \u00e0 la recherche d'un carrelage de qualit\u00e9 pour votre int\u00e9rieur ? Contactez votre sp\u00e9cialiste en carrelage et d\u00e9couvrez la large gamme propos\u00e9e !\",\"breadcrumb\":{\"@id\":\"https:\\\/\\\/www.vanglabeke.com\\\/fr\\\/assortiment\\\/carrelage-a-linterieur\\\/#breadcrumb\"},\"inLanguage\":\"fr-FR\",\"potentialAction\":[{\"@type\":\"ReadAction\",\"target\":[\"https:\\\/\\\/www.vanglabeke.com\\\/fr\\\/assortiment\\\/carrelage-a-linterieur\\\/\"]}]},{\"@type\":\"BreadcrumbList\",\"@id\":\"https:\\\/\\\/www.vanglabeke.com\\\/fr\\\/assortiment\\\/carrelage-a-linterieur\\\/#breadcrumb\",\"itemListElement\":[{\"@type\":\"ListItem\",\"position\":1,\"name\":\"Home\",\"item\":\"https:\\\/\\\/www.vanglabeke.com\\\/fr\\\/\"},{\"@type\":\"ListItem\",\"position\":2,\"name\":\"Assortiment\",\"item\":\"https:\\\/\\\/www.vanglabeke.com\\\/fr\\\/assortiment\\\/\"},{\"@type\":\"ListItem\",\"position\":3,\"name\":\"Carrelage int\u00e9rieur\"}]},{\"@type\":\"WebSite\",\"@id\":\"https:\\\/\\\/www.vanglabeke.com\\\/#website\",\"url\":\"https:\\\/\\\/www.vanglabeke.com\\\/\",\"name\":\"Van Glabeke\",\"description\":\"bouwmaterialen - tegels\",\"potentialAction\":[{\"@type\":\"SearchAction\",\"target\":{\"@type\":\"EntryPoint\",\"urlTemplate\":\"https:\\\/\\\/www.vanglabeke.com\\\/?s={search_term_string}\"},\"query-input\":{\"@type\":\"PropertyValueSpecification\",\"valueRequired\":true,\"valueName\":\"search_term_string\"}}],\"inLanguage\":\"fr-FR\"}]}<\/script>\r\n<!-- \/ Yoast SEO plugin. -->","yoast_head_json":{"title":"Trouvez le carrelage id\u00e9al pour votre int\u00e9rieur \u00e0 Tournai","description":"\u00cates-vous \u00e0 la recherche d'un carrelage de qualit\u00e9 pour votre int\u00e9rieur ? Contactez votre sp\u00e9cialiste en carrelage et d\u00e9couvrez la large gamme propos\u00e9e !","robots":{"index":"index","follow":"follow","max-snippet":"max-snippet:-1","max-image-preview":"max-image-preview:large","max-video-preview":"max-video-preview:-1"},"canonical":"https:\/\/www.vanglabeke.com\/fr\/assortiment\/carrelage-a-linterieur\/","og_locale":"fr_FR","og_type":"article","og_title":"Trouvez le carrelage id\u00e9al pour votre int\u00e9rieur \u00e0 Tournai","og_description":"\u00cates-vous \u00e0 la recherche d'un carrelage de qualit\u00e9 pour votre int\u00e9rieur ? Contactez votre sp\u00e9cialiste en carrelage et d\u00e9couvrez la large gamme propos\u00e9e !","og_url":"https:\/\/www.vanglabeke.com\/fr\/assortiment\/carrelage-a-linterieur\/","og_site_name":"Van Glabeke","article_modified_time":"2023-10-30T13:50:26+00:00","twitter_card":"summary_large_image","twitter_misc":{"Est. reading time":"3 minutes"},"schema":{"@context":"https:\/\/schema.org","@graph":[{"@type":"WebPage","@id":"https:\/\/www.vanglabeke.com\/fr\/assortiment\/carrelage-a-linterieur\/","url":"https:\/\/www.vanglabeke.com\/fr\/assortiment\/carrelage-a-linterieur\/","name":"Trouvez le carrelage id\u00e9al pour votre int\u00e9rieur \u00e0 Tournai","isPartOf":{"@id":"https:\/\/www.vanglabeke.com\/#website"},"datePublished":"2018-01-13T09:03:09+00:00","dateModified":"2023-10-30T13:50:26+00:00","description":"\u00cates-vous \u00e0 la recherche d'un carrelage de qualit\u00e9 pour votre int\u00e9rieur ? Contactez votre sp\u00e9cialiste en carrelage et d\u00e9couvrez la large gamme propos\u00e9e !","breadcrumb":{"@id":"https:\/\/www.vanglabeke.com\/fr\/assortiment\/carrelage-a-linterieur\/#breadcrumb"},"inLanguage":"fr-FR","potentialAction":[{"@type":"ReadAction","target":["https:\/\/www.vanglabeke.com\/fr\/assortiment\/carrelage-a-linterieur\/"]}]},{"@type":"BreadcrumbList","@id":"https:\/\/www.vanglabeke.com\/fr\/assortiment\/carrelage-a-linterieur\/#breadcrumb","itemListElement":[{"@type":"ListItem","position":1,"name":"Home","item":"https:\/\/www.vanglabeke.com\/fr\/"},{"@type":"ListItem","position":2,"name":"Assortiment","item":"https:\/\/www.vanglabeke.com\/fr\/assortiment\/"},{"@type":"ListItem","position":3,"name":"Carrelage int\u00e9rieur"}]},{"@type":"WebSite","@id":"https:\/\/www.vanglabeke.com\/#website","url":"https:\/\/www.vanglabeke.com\/","name":"Van Glabeke","description":"bouwmaterialen - tegels","potentialAction":[{"@type":"SearchAction","target":{"@type":"EntryPoint","urlTemplate":"https:\/\/www.vanglabeke.com\/?s={search_term_string}"},"query-input":{"@type":"PropertyValueSpecification","valueRequired":true,"valueName":"search_term_string"}}],"inLanguage":"fr-FR"}]}},"_links":{"self":[{"href":"https:\/\/www.vanglabeke.com\/fr\/wp-json\/wp\/v2\/pages\/1452","targetHints":{"allow":["GET"]}}],"collection":[{"href":"https:\/\/www.vanglabeke.com\/fr\/wp-json\/wp\/v2\/pages"}],"about":[{"href":"https:\/\/www.vanglabeke.com\/fr\/wp-json\/wp\/v2\/types\/page"}],"author":[{"embeddable":true,"href":"https:\/\/www.vanglabeke.com\/fr\/wp-json\/wp\/v2\/users\/1"}],"replies":[{"embeddable":true,"href":"https:\/\/www.vanglabeke.com\/fr\/wp-json\/wp\/v2\/comments?post=1452"}],"version-history":[{"count":0,"href":"https:\/\/www.vanglabeke.com\/fr\/wp-json\/wp\/v2\/pages\/1452\/revisions"}],"up":[{"embeddable":true,"href":"https:\/\/www.vanglabeke.com\/fr\/wp-json\/wp\/v2\/pages\/1448"}],"wp:attachment":[{"href":"https:\/\/www.vanglabeke.com\/fr\/wp-json\/wp\/v2\/media?parent=1452"}],"curies":[{"name":"wp","href":"https:\/\/api.w.org\/{rel}","templated":true}]}}