{"id":1464,"date":"2018-01-13T10:47:44","date_gmt":"2018-01-13T09:47:44","guid":{"rendered":"http:\/\/www.vanglabeke.com\/marques\/"},"modified":"2022-03-14T11:40:24","modified_gmt":"2022-03-14T10:40:24","slug":"marques","status":"publish","type":"page","link":"https:\/\/www.vanglabeke.com\/fr\/marques\/","title":{"rendered":"Marques"},"content":{"rendered":"[vc_row type=&#8221;full_width_background&#8221; full_screen_row_position=&#8221;middle&#8221; bg_color=&#8221;#ffffff&#8221; scene_position=&#8221;center&#8221; text_color=&#8221;dark&#8221; text_align=&#8221;left&#8221; bottom_padding=&#8221;30&#8243; overlay_strength=&#8221;0.3&#8243;][vc_column column_padding=&#8221;no-extra-padding&#8221; column_padding_position=&#8221;all&#8221; background_color_opacity=&#8221;1&#8243; background_hover_color_opacity=&#8221;1&#8243; column_shadow=&#8221;none&#8221; width=&#8221;1\/1&#8243; tablet_text_alignment=&#8221;default&#8221; phone_text_alignment=&#8221;default&#8221; column_border_width=&#8221;none&#8221; column_border_style=&#8221;solid&#8221;][vc_column_text]Moderne ou rustique? Une tendence ou classique ? Stricte et sobre ou romantique ? De grand format \u00e0 petit mosaique \u2026Chez Van Glabeke vous trouverez tout. Vous trouverez des carreaux \u2018top\u2019 de tous les coins du monde, Espagnol, Itali\u00ebn, Allemand, Portugais, \u2026 \u00e0 des prix comp\u00e9titifs.<\/p>\n<h4>PIERRE NATURELLES<\/h4>\n<p>La pierre bleue, notre sp\u00e9cialit\u00e9 ! La pierre bleue est la tendance en mati\u00e8re de pierre naturelle. Nous pouvons vous en propposer une tr\u00e8s large gamme, livrable de stock et \u00e0 des prix serieux. Venez d\u00e9couvrir aussi notre large gamme de platines, granite, basalt, \u2026<\/p>\n<h4>PARQUET EN CERAMIQUE<\/h4>\n<p>Vous voyez pratiquement plus de diff\u00e9rences entre un parquet en c\u00e9ramique et un v\u00e9ritable parquet. Ils sont tr\u00e8s faciles d\u2019entretien et existent dans diff\u00e9rents formats et dessins d\u2019essences de bois.<\/p>\n<h4>TOUT POUR UNE FINITION PARFAITE<\/h4>\n<p>Pour la pose, nous avons tous les materiaux n\u00e8cessaire et de haute qualit\u00e9, comme stabilis\u00e9, sable, ciment, ciment flex, colle jointoyage, silicone, \u2026 pour un r\u00e9sultat parfait nous avons les profilles et syst\u00e8mes de Schl\u00fcter.<\/p>\n<h4>STOCKAGE<\/h4>\n<p>A votre commande stockage gratuit ! Vous pouvez r\u00e9server vos carreaux jusqu\u2019\u00e0 1 an d\u2019avance, cela vous pouvez enlever ou faire livrer \u00e0 votre maison.<\/p>\n<h4>VOICI LES MARQUES DANS NOTRE GAMME<\/h4>\n<p>ABK, Adobe, Alaplana, Alco, Alcoceram, Alcora, Aleluia ceramicas, Aparici, Area, Ariana, Ariostea, Arpa Ceramiche, Ascot, Azulev, Bien Seramik, Blustyle, Boxer, Caesar, Campani, Carofrance, Casa Dolce Casa,\u00a0 Castello, Castelvetro, Ce.Si, Cedir, Century, Ceracasa, Cercom, Cerdisa,\u00a0 Cerdomus, Ceresit, Cerim, Cernor, Charisma, Cinca, Cir, Cotto d\u2019Este, Cristacer, Deco Luce, Desvres, Domino, Dura-tiles, Ecoceramic, Eifelgr\u00e9s, Emotion, Energie-Ker, Equipe, Ergon, Fap, Flaminia, Floorgres, Fondovalle, Forza-Gress, Gail, Gardenia, Gazzini, Guoceram, I Marmo, Ibero, Idea, Imso, Italgraniti, Keope, Kronos, L\u2019Antic Colonial, La Fabbrica, Land, Lea, Leonardo, Libera, Magica, Marazzi, Margres, Meissen, Mirage, Monocibec, Mosa, Mutina, Naxos, Nord Ceram, Novoceram, Omega, Pamesa, Panaria, Pavigres, Porcelanosa, Portinari, Provenza, Rako, Recer, Refin,<br \/>\nRevoir Paris, Rex, Rocersa, Saime, Saloni, Sanchis, Seranit, Serenissima, Sichenia, Sintesi, Supergres, Terratinta, Topcer, Topgres, Trend, Valmori, Venis, Viva, Winckelmans, Zelliges \u2026[\/vc_column_text][\/vc_column][\/vc_row]\n","protected":false},"excerpt":{"rendered":"<p>[vc_row type=&#8221;full_width_background&#8221; full_screen_row_position=&#8221;middle&#8221; bg_color=&#8221;#ffffff&#8221; scene_position=&#8221;center&#8221; text_color=&#8221;dark&#8221; text_align=&#8221;left&#8221; bottom_padding=&#8221;30&#8243; overlay_strength=&#8221;0.3&#8243;][vc_column column_padding=&#8221;no-extra-padding&#8221; column_padding_position=&#8221;all&#8221; background_color_opacity=&#8221;1&#8243; background_hover_color_opacity=&#8221;1&#8243; column_shadow=&#8221;none&#8221; width=&#8221;1\/1&#8243; tablet_text_alignment=&#8221;default&#8221; phone_text_alignment=&#8221;default&#8221; column_border_width=&#8221;none&#8221; column_border_style=&#8221;solid&#8221;][vc_column_text]Moderne ou rustique? Une tendence ou classique ? Stricte et sobre ou&#8230;<\/p>\n","protected":false},"author":1,"featured_media":0,"parent":0,"menu_order":3,"comment_status":"closed","ping_status":"closed","template":"","meta":{"footnotes":""},"class_list":["post-1464","page","type-page","status-publish"],"yoast_head":"<!-- This site is optimized with the Yoast SEO plugin v27.6 - https:\/\/yoast.com\/product\/yoast-seo-wordpress\/ -->\r\n<title>Marques - Van Glabeke<\/title>\r\n<meta name=\"robots\" content=\"index, follow, max-snippet:-1, max-image-preview:large, max-video-preview:-1\" \/>\r\n<link rel=\"canonical\" href=\"https:\/\/www.vanglabeke.com\/fr\/marques\/\" \/>\r\n<meta property=\"og:locale\" content=\"fr_FR\" \/>\r\n<meta property=\"og:type\" content=\"article\" \/>\r\n<meta property=\"og:title\" content=\"Marques - Van Glabeke\" \/>\r\n<meta property=\"og:description\" content=\"[vc_row type=&#8221;full_width_background&#8221; full_screen_row_position=&#8221;middle&#8221; bg_color=&#8221;#ffffff&#8221; scene_position=&#8221;center&#8221; text_color=&#8221;dark&#8221; text_align=&#8221;left&#8221; bottom_padding=&#8221;30&#8243; overlay_strength=&#8221;0.3&#8243;][vc_column column_padding=&#8221;no-extra-padding&#8221; column_padding_position=&#8221;all&#8221; background_color_opacity=&#8221;1&#8243; background_hover_color_opacity=&#8221;1&#8243; column_shadow=&#8221;none&#8221; width=&#8221;1\/1&#8243; tablet_text_alignment=&#8221;default&#8221; phone_text_alignment=&#8221;default&#8221; column_border_width=&#8221;none&#8221; column_border_style=&#8221;solid&#8221;][vc_column_text]Moderne ou rustique? Une tendence ou classique ? Stricte et sobre ou...\" \/>\r\n<meta property=\"og:url\" content=\"https:\/\/www.vanglabeke.com\/fr\/marques\/\" \/>\r\n<meta property=\"og:site_name\" content=\"Van Glabeke\" \/>\r\n<meta property=\"article:modified_time\" content=\"2022-03-14T10:40:24+00:00\" \/>\r\n<meta name=\"twitter:card\" content=\"summary_large_image\" \/>\r\n<meta name=\"twitter:label1\" content=\"Est. reading time\" \/>\n\t<meta name=\"twitter:data1\" content=\"2 minutes\" \/>\r\n<script type=\"application\/ld+json\" class=\"yoast-schema-graph\">{\"@context\":\"https:\\\/\\\/schema.org\",\"@graph\":[{\"@type\":\"WebPage\",\"@id\":\"https:\\\/\\\/www.vanglabeke.com\\\/fr\\\/marques\\\/\",\"url\":\"https:\\\/\\\/www.vanglabeke.com\\\/fr\\\/marques\\\/\",\"name\":\"Marques - Van Glabeke\",\"isPartOf\":{\"@id\":\"https:\\\/\\\/www.vanglabeke.com\\\/#website\"},\"datePublished\":\"2018-01-13T09:47:44+00:00\",\"dateModified\":\"2022-03-14T10:40:24+00:00\",\"breadcrumb\":{\"@id\":\"https:\\\/\\\/www.vanglabeke.com\\\/fr\\\/marques\\\/#breadcrumb\"},\"inLanguage\":\"fr-FR\",\"potentialAction\":[{\"@type\":\"ReadAction\",\"target\":[\"https:\\\/\\\/www.vanglabeke.com\\\/fr\\\/marques\\\/\"]}]},{\"@type\":\"BreadcrumbList\",\"@id\":\"https:\\\/\\\/www.vanglabeke.com\\\/fr\\\/marques\\\/#breadcrumb\",\"itemListElement\":[{\"@type\":\"ListItem\",\"position\":1,\"name\":\"Home\",\"item\":\"https:\\\/\\\/www.vanglabeke.com\\\/fr\\\/\"},{\"@type\":\"ListItem\",\"position\":2,\"name\":\"Marques\"}]},{\"@type\":\"WebSite\",\"@id\":\"https:\\\/\\\/www.vanglabeke.com\\\/#website\",\"url\":\"https:\\\/\\\/www.vanglabeke.com\\\/\",\"name\":\"Van Glabeke\",\"description\":\"bouwmaterialen - tegels\",\"potentialAction\":[{\"@type\":\"SearchAction\",\"target\":{\"@type\":\"EntryPoint\",\"urlTemplate\":\"https:\\\/\\\/www.vanglabeke.com\\\/?s={search_term_string}\"},\"query-input\":{\"@type\":\"PropertyValueSpecification\",\"valueRequired\":true,\"valueName\":\"search_term_string\"}}],\"inLanguage\":\"fr-FR\"}]}<\/script>\r\n<!-- \/ Yoast SEO plugin. -->","yoast_head_json":{"title":"Marques - Van Glabeke","robots":{"index":"index","follow":"follow","max-snippet":"max-snippet:-1","max-image-preview":"max-image-preview:large","max-video-preview":"max-video-preview:-1"},"canonical":"https:\/\/www.vanglabeke.com\/fr\/marques\/","og_locale":"fr_FR","og_type":"article","og_title":"Marques - Van Glabeke","og_description":"[vc_row type=&#8221;full_width_background&#8221; full_screen_row_position=&#8221;middle&#8221; bg_color=&#8221;#ffffff&#8221; scene_position=&#8221;center&#8221; text_color=&#8221;dark&#8221; text_align=&#8221;left&#8221; bottom_padding=&#8221;30&#8243; overlay_strength=&#8221;0.3&#8243;][vc_column column_padding=&#8221;no-extra-padding&#8221; column_padding_position=&#8221;all&#8221; background_color_opacity=&#8221;1&#8243; background_hover_color_opacity=&#8221;1&#8243; column_shadow=&#8221;none&#8221; width=&#8221;1\/1&#8243; tablet_text_alignment=&#8221;default&#8221; phone_text_alignment=&#8221;default&#8221; column_border_width=&#8221;none&#8221; column_border_style=&#8221;solid&#8221;][vc_column_text]Moderne ou rustique? Une tendence ou classique ? Stricte et sobre ou...","og_url":"https:\/\/www.vanglabeke.com\/fr\/marques\/","og_site_name":"Van Glabeke","article_modified_time":"2022-03-14T10:40:24+00:00","twitter_card":"summary_large_image","twitter_misc":{"Est. reading time":"2 minutes"},"schema":{"@context":"https:\/\/schema.org","@graph":[{"@type":"WebPage","@id":"https:\/\/www.vanglabeke.com\/fr\/marques\/","url":"https:\/\/www.vanglabeke.com\/fr\/marques\/","name":"Marques - Van Glabeke","isPartOf":{"@id":"https:\/\/www.vanglabeke.com\/#website"},"datePublished":"2018-01-13T09:47:44+00:00","dateModified":"2022-03-14T10:40:24+00:00","breadcrumb":{"@id":"https:\/\/www.vanglabeke.com\/fr\/marques\/#breadcrumb"},"inLanguage":"fr-FR","potentialAction":[{"@type":"ReadAction","target":["https:\/\/www.vanglabeke.com\/fr\/marques\/"]}]},{"@type":"BreadcrumbList","@id":"https:\/\/www.vanglabeke.com\/fr\/marques\/#breadcrumb","itemListElement":[{"@type":"ListItem","position":1,"name":"Home","item":"https:\/\/www.vanglabeke.com\/fr\/"},{"@type":"ListItem","position":2,"name":"Marques"}]},{"@type":"WebSite","@id":"https:\/\/www.vanglabeke.com\/#website","url":"https:\/\/www.vanglabeke.com\/","name":"Van Glabeke","description":"bouwmaterialen - tegels","potentialAction":[{"@type":"SearchAction","target":{"@type":"EntryPoint","urlTemplate":"https:\/\/www.vanglabeke.com\/?s={search_term_string}"},"query-input":{"@type":"PropertyValueSpecification","valueRequired":true,"valueName":"search_term_string"}}],"inLanguage":"fr-FR"}]}},"_links":{"self":[{"href":"https:\/\/www.vanglabeke.com\/fr\/wp-json\/wp\/v2\/pages\/1464","targetHints":{"allow":["GET"]}}],"collection":[{"href":"https:\/\/www.vanglabeke.com\/fr\/wp-json\/wp\/v2\/pages"}],"about":[{"href":"https:\/\/www.vanglabeke.com\/fr\/wp-json\/wp\/v2\/types\/page"}],"author":[{"embeddable":true,"href":"https:\/\/www.vanglabeke.com\/fr\/wp-json\/wp\/v2\/users\/1"}],"replies":[{"embeddable":true,"href":"https:\/\/www.vanglabeke.com\/fr\/wp-json\/wp\/v2\/comments?post=1464"}],"version-history":[{"count":0,"href":"https:\/\/www.vanglabeke.com\/fr\/wp-json\/wp\/v2\/pages\/1464\/revisions"}],"wp:attachment":[{"href":"https:\/\/www.vanglabeke.com\/fr\/wp-json\/wp\/v2\/media?parent=1464"}],"curies":[{"name":"wp","href":"https:\/\/api.w.org\/{rel}","templated":true}]}}